{"id":48,"date":"2014-01-29T17:36:32","date_gmt":"2014-01-29T16:36:32","guid":{"rendered":"http:\/\/www.probleemloosprinten.be\/?page_id=48"},"modified":"2019-10-31T11:29:56","modified_gmt":"2019-10-31T10:29:56","slug":"vision-2","status":"publish","type":"page","link":"https:\/\/questa-law.be\/fr\/vision-2\/","title":{"rendered":"Vision"},"content":{"rendered":"<h2><span style=\"color: #13357d;\"><strong>Optimalisation par sp\u00e9cialisation<\/strong><\/span><\/h2>\n<p>Questa Avocats accompagne les soci\u00e9t\u00e9s, entrepreneurs et autorit\u00e9s dans leur recherche d\u2019une optimalisation juridique de leurs activit\u00e9s professionnelles.<\/p>\n<p>En particulier, Questa Avocats est sp\u00e9cialis\u00e9 en &nbsp;droit commercial et droit des soci\u00e9t\u00e9s, l\u2019accompagnement de r\u00e9organisation d\u2019entreprises, le droit des TIC, proc\u00e9dures et avis en mati\u00e8re fiscale, droit du travail et de la s\u00e9curit\u00e9 sociale, droit de l\u2019environnement, droit de l\u2019urbanisme et d\u2019entrepreneur.<\/p>\n<p>Aussi bien les associ\u00e9s que les collaborateurs traitent les dossiers personnellement avec l\u2019expertise et la subtilit\u00e9 requise. Questa Avocats s\u2019efforce d\u2019une mani\u00e8re pragmatique \u00e0 r\u00e9aliser, en concertation avec le client, les objectifs mis en avant.<\/p>\n","protected":false},"excerpt":{"rendered":"<p>Optimalisation par sp\u00e9cialisation Questa Avocats accompagne les soci\u00e9t\u00e9s, entrepreneurs et autorit\u00e9s dans leur recherche d\u2019une optimalisation juridique de leurs activit\u00e9s professionnelles. En particulier, Questa Avocats est sp\u00e9cialis\u00e9 en &nbsp;droit commercial et droit des soci\u00e9t\u00e9s, l\u2019accompagnement de r\u00e9organisation d\u2019entreprises, le droit des TIC, proc\u00e9dures et avis en mati\u00e8re fiscale, droit du travail et de la s\u00e9curit\u00e9 sociale, droit de l\u2019environnement, droit de l\u2019urbanisme et d\u2019entrepreneur. Aussi bien les associ\u00e9s que les collaborateurs traitent les dossiers personnellement avec l\u2019expertise et la subtilit\u00e9 requise. Questa Avocats s\u2019efforce d\u2019une mani\u00e8re pragmatique \u00e0 r\u00e9aliser, en concertation avec le client, les objectifs mis en avant.<\/p>\n","protected":false},"author":1,"featured_media":0,"parent":0,"menu_order":0,"comment_status":"closed","ping_status":"closed","template":"","meta":{"footnotes":""},"class_list":["post-48","page","type-page","status-publish","hentry"],"yoast_head":"<!-- This site is optimized with the Yoast SEO plugin v14.9 - https:\/\/yoast.com\/wordpress\/plugins\/seo\/ -->\n<meta name=\"robots\" content=\"index, follow, max-snippet:-1, max-image-preview:large, max-video-preview:-1\" \/>\n<link rel=\"canonical\" href=\"https:\/\/questa-law.be\/fr\/vision-2\/\" \/>\n<meta property=\"og:locale\" content=\"fr_FR\" \/>\n<meta property=\"og:type\" content=\"article\" \/>\n<meta property=\"og:title\" content=\"Vision - Questa\" \/>\n<meta property=\"og:description\" content=\"Optimalisation par sp\u00e9cialisation Questa Avocats accompagne les soci\u00e9t\u00e9s, entrepreneurs et autorit\u00e9s dans leur recherche d\u2019une optimalisation juridique de leurs activit\u00e9s professionnelles. En particulier, Questa Avocats est sp\u00e9cialis\u00e9 en &nbsp;droit commercial et droit des soci\u00e9t\u00e9s, l\u2019accompagnement de r\u00e9organisation d\u2019entreprises, le droit des TIC, proc\u00e9dures et avis en mati\u00e8re fiscale, droit du travail et de la s\u00e9curit\u00e9 sociale, droit de l\u2019environnement, droit de l\u2019urbanisme et d\u2019entrepreneur. Aussi bien les associ\u00e9s que les collaborateurs traitent les dossiers personnellement avec l\u2019expertise et la subtilit\u00e9 requise. Questa Avocats s\u2019efforce d\u2019une mani\u00e8re pragmatique \u00e0 r\u00e9aliser, en concertation avec le client, les objectifs mis en avant.\" \/>\n<meta property=\"og:url\" content=\"https:\/\/questa-law.be\/fr\/vision-2\/\" \/>\n<meta property=\"og:site_name\" content=\"Questa\" \/>\n<meta property=\"article:modified_time\" content=\"2019-10-31T10:29:56+00:00\" \/>\n<meta name=\"twitter:card\" content=\"summary\" \/>\n<script type=\"application\/ld+json\" class=\"yoast-schema-graph\">{\"@context\":\"https:\/\/schema.org\",\"@graph\":[{\"@type\":\"WebSite\",\"@id\":\"https:\/\/questa-law.be\/fr\/#website\",\"url\":\"https:\/\/questa-law.be\/fr\/\",\"name\":\"Questa\",\"description\":\"Advocaten\",\"potentialAction\":[{\"@type\":\"SearchAction\",\"target\":\"https:\/\/questa-law.be\/fr\/?s={search_term_string}\",\"query-input\":\"required name=search_term_string\"}],\"inLanguage\":\"fr-FR\"},{\"@type\":\"WebPage\",\"@id\":\"https:\/\/questa-law.be\/fr\/vision-2\/#webpage\",\"url\":\"https:\/\/questa-law.be\/fr\/vision-2\/\",\"name\":\"Vision - Questa\",\"isPartOf\":{\"@id\":\"https:\/\/questa-law.be\/fr\/#website\"},\"datePublished\":\"2014-01-29T16:36:32+00:00\",\"dateModified\":\"2019-10-31T10:29:56+00:00\",\"inLanguage\":\"fr-FR\",\"potentialAction\":[{\"@type\":\"ReadAction\",\"target\":[\"https:\/\/questa-law.be\/fr\/vision-2\/\"]}]}]}<\/script>\n<!-- \/ Yoast SEO plugin. -->","_links":{"self":[{"href":"https:\/\/questa-law.be\/fr\/wp-json\/wp\/v2\/pages\/48","targetHints":{"allow":["GET"]}}],"collection":[{"href":"https:\/\/questa-law.be\/fr\/wp-json\/wp\/v2\/pages"}],"about":[{"href":"https:\/\/questa-law.be\/fr\/wp-json\/wp\/v2\/types\/page"}],"author":[{"embeddable":true,"href":"https:\/\/questa-law.be\/fr\/wp-json\/wp\/v2\/users\/1"}],"replies":[{"embeddable":true,"href":"https:\/\/questa-law.be\/fr\/wp-json\/wp\/v2\/comments?post=48"}],"version-history":[{"count":5,"href":"https:\/\/questa-law.be\/fr\/wp-json\/wp\/v2\/pages\/48\/revisions"}],"predecessor-version":[{"id":1430,"href":"https:\/\/questa-law.be\/fr\/wp-json\/wp\/v2\/pages\/48\/revisions\/1430"}],"wp:attachment":[{"href":"https:\/\/questa-law.be\/fr\/wp-json\/wp\/v2\/media?parent=48"}],"curies":[{"name":"wp","href":"https:\/\/api.w.org\/{rel}","templated":true}]}}